{"id":1772,"date":"2021-10-17T12:30:57","date_gmt":"2021-10-17T04:30:57","guid":{"rendered":"https:\/\/centralmusic.hk\/?post_type=product&#038;p=1772"},"modified":"2024-09-11T15:56:36","modified_gmt":"2024-09-11T07:56:36","slug":"lb-1","status":"publish","type":"product","link":"https:\/\/centralmusic.hk\/zh\/product\/lb-1\/","title":{"rendered":"LB-1"},"content":{"rendered":"<p>Providing unbeatable charge for R\u00d8DE\u2019s VideoMic Pro+ and Performer Kit TX-M2 microphone, the R\u00d8DE LB-1 is a powerful addition to the R\u00d8DE range. On a full charge, the R\u00d8DE LB-1 supplies 10 hours of uninterrupted power for the Performer TX-M2, and a massive 100 hours of continuous charge to the VideoMic Pro+. Power up the LB-1 in both devices via Micro USB \u2013 full charge is achieved in 3 hours.<\/p>\n<p>And, when all your LB-1s are busy, the battery chambers in both microphones will also take AA batteries.<\/p>\n<p>Maximum power, minimum fuss \u2013 the R\u00d8DE LB1 Rechargeable Lithium-Ion Battery ships with the Performer Kit and the VideoMic Pro+, and is sold separately at your authorised R\u00d8DE Dealer.<\/p>\n<div class=\"spec_header\">\n<div class=\"spec_header_wrapper\">\n<div class=\"product_category_title\"><strong>LB-1 LITHIUM-ION RECHARGEABLE BATTERY SPECIFICATIONS<\/strong><\/div>\n<\/div>\n<div id=\"spec_header_download\">\n<div><\/div>\n<\/div>\n<\/div>\n<div class=\"spec_table_wrapper\">\n<table class=\"spec_table\" style=\"height: 68px;\" width=\"388\" cellspacing=\"0\" cellpadding=\"0\">\n<tbody>\n<tr>\n<td class=\"spec_title\">Weight<\/td>\n<td>32g<\/td>\n<\/tr>\n<tr>\n<td class=\"spec_title\">Dimensions<\/td>\n<td>14.7mmH x 29mmW x 50.3mmD<\/td>\n<\/tr>\n<tr>\n<td class=\"spec_title\">Warranty<\/td>\n<td>1 year<\/td>\n<\/tr>\n<\/tbody>\n<\/table>\n<\/div>","protected":false},"excerpt":{"rendered":"<h2>Lithium-Ion Rechargeable Battery<\/h2>\n<ul class=\"list_38vmQLJbaJF1w5ntX1sLJb\" data-selenium=\"miniProductPageSellingPointsList\">\n<li class=\"element__qz27rXOK8PAoRSElj3hE\" data-selenium=\"miniProductPageSellingPointsListItem\">1600mAh Capacity<\/li>\n<li class=\"element__qz27rXOK8PAoRSElj3hE\" data-selenium=\"miniProductPageSellingPointsListItem\">Up to 10 Hours with Performer TX-M2<\/li>\n<li class=\"element__qz27rXOK8PAoRSElj3hE\" data-selenium=\"miniProductPageSellingPointsListItem\">Up to 100 Hours with VideoMic Pro Plus<\/li>\n<li class=\"element__qz27rXOK8PAoRSElj3hE\" data-selenium=\"miniProductPageSellingPointsListItem\">Full Charge in Three Hours<\/li>\n<\/ul>","protected":false},"featured_media":2168,"template":"","meta":[],"product_brand":[],"product_cat":[113,36],"product_tag":[],"class_list":{"0":"post-1772","1":"product","2":"type-product","3":"status-publish","4":"has-post-thumbnail","6":"product_cat-battery","7":"product_cat-accessories","9":"first","10":"instock","11":"shipping-taxable","12":"purchasable","13":"product-type-simple"},"jetpack_sharing_enabled":true,"_links":{"self":[{"href":"https:\/\/centralmusic.hk\/zh\/wp-json\/wp\/v2\/product\/1772","targetHints":{"allow":["GET"]}}],"collection":[{"href":"https:\/\/centralmusic.hk\/zh\/wp-json\/wp\/v2\/product"}],"about":[{"href":"https:\/\/centralmusic.hk\/zh\/wp-json\/wp\/v2\/types\/product"}],"wp:featuredmedia":[{"embeddable":true,"href":"https:\/\/centralmusic.hk\/zh\/wp-json\/wp\/v2\/media\/2168"}],"wp:attachment":[{"href":"https:\/\/centralmusic.hk\/zh\/wp-json\/wp\/v2\/media?parent=1772"}],"wp:term":[{"taxonomy":"product_brand","embeddable":true,"href":"https:\/\/centralmusic.hk\/zh\/wp-json\/wp\/v2\/product_brand?post=1772"},{"taxonomy":"product_cat","embeddable":true,"href":"https:\/\/centralmusic.hk\/zh\/wp-json\/wp\/v2\/product_cat?post=1772"},{"taxonomy":"product_tag","embeddable":true,"href":"https:\/\/centralmusic.hk\/zh\/wp-json\/wp\/v2\/product_tag?post=1772"}],"curies":[{"name":"wp","href":"https:\/\/api.w.org\/{rel}","templated":true}]}}